{"id":866,"date":"2026-01-30T13:43:34","date_gmt":"2026-01-30T12:43:34","guid":{"rendered":"https:\/\/idipavidi.com\/?page_id=866"},"modified":"2026-01-30T13:48:46","modified_gmt":"2026-01-30T12:48:46","slug":"utvrde-u-hrvatskoj","status":"publish","type":"page","link":"https:\/\/idipavidi.com\/en\/utvrde-u-hrvatskoj\/","title":{"rendered":"Utvrde u Hrvatskoj"},"content":{"rendered":"<p>Utvrde su neko\u0107 imale klju\u010dnu obrambenu i strate\u0161ku ulogu na prostoru dana\u0161nje Hrvatske. Rasute po razli\u010ditim regijama, od obalnih podru\u010dja do kontinentalnog zale\u0111a, mnoge su danas jedva vidljive ili potpuno zapu\u0161tene. Na ovoj stranici okupljene su utvrde koje su obra\u0111ene na webu <em>Idi pa vidi<\/em> \u2014 s kratkim povijesnim kontekstom, bilje\u0161kama s terena i pri\u010dama o mjestima koja su nekad imala veliku va\u017enost.<\/p>\n\n\n\n<p>U nastavku se nalazi popis svih utvrda koje se mogu prona\u0107i na stranici <em>Idi pa vidi<\/em>.<\/p>\n\n\n\n<h4 class=\"wp-block-heading\">Centralna Hrvatska<\/h4>\n\n\n\n<p>\u2013 <a href=\"https:\/\/idipavidi.com\/en\/lipovac\/\">Utvrda Lipovac<\/a><br>\u2013 <a href=\"https:\/\/idipavidi.com\/en\/alica-kulina-zaboravljena-osmanska-kula-kraj-gospica\/\">Ali\u0107a Kulina<\/a><br>&#8211; <a href=\"https:\/\/idipavidi.com\/en\/utvrda-brlog-svjedok-promjenjivih-vlasnistava-i-intrigantnih-povijesnih-dogadaja\/\">Brlog<\/a><br>&#8211; <a href=\"https:\/\/idipavidi.com\/en\/utvrda-backovica-svjedok-burnih-stoljeca-na-rubu-osmanskog-carstva\/\">Ba\u010dkovica<\/a><\/p>\n\n\n\n<p><\/p>\n\n\n\n<h4 class=\"wp-block-heading\">Slavonija<\/h4>\n\n\n\n<p>\u2013 <a href=\"https:\/\/idipavidi.com\/en\/tvrdava-alsan-skrivena-povijest-plemickog-ponosa-u-srcu-spacvanske-sume\/\">Al\u0161an<\/a><br>&#8211; <a href=\"https:\/\/idipavidi.com\/en\/adzamovci-gradina-zaboravljeno-naslijede-protuosmanske-obrane\/\">Ad\u017eamovci<\/a><\/p>\n\n\n\n<h4 class=\"wp-block-heading\">Istra i Kvarner<\/h4>\n\n\n\n<p>\u2013 <a href=\"https:\/\/idipavidi.com\/en\/utvrda-klana-strazar-kvarnera-izmedu-carstva-i-carstva\/\">Klana <\/a><br>&#8211; <a href=\"https:\/\/idipavidi.com\/en\/lovran-povijesna-prica-sa-srednjovjekovnim-carom\/\">Lovran<\/a><\/p>\n\n\n\n<h4 class=\"wp-block-heading\">Dalmacija<\/h4>\n\n\n\n<p>\u2013<\/p>","protected":false},"excerpt":{"rendered":"<p>Utvrde su neko\u0107 imale klju\u010dnu obrambenu i strate\u0161ku ulogu na prostoru dana\u0161nje Hrvatske. Rasute po razli\u010ditim regijama, od obalnih podru\u010dja [&hellip;]<\/p>\n","protected":false},"author":1,"featured_media":0,"parent":0,"menu_order":0,"comment_status":"closed","ping_status":"closed","template":"","meta":{"_eb_attr":"","site-sidebar-layout":"default","site-content-layout":"","ast-site-content-layout":"default","site-content-style":"default","site-sidebar-style":"default","ast-global-header-display":"","ast-banner-title-visibility":"","ast-main-header-display":"","ast-hfb-above-header-display":"","ast-hfb-below-header-display":"","ast-hfb-mobile-header-display":"","site-post-title":"","ast-breadcrumbs-content":"","ast-featured-img":"","footer-sml-layout":"","ast-disable-related-posts":"","theme-transparent-header-meta":"","adv-header-id-meta":"","stick-header-meta":"","header-above-stick-meta":"","header-main-stick-meta":"","header-below-stick-meta":"","astra-migrate-meta-layouts":"default","ast-page-background-enabled":"default","ast-page-background-meta":{"desktop":{"background-color":"var(--ast-global-color-4)","background-image":"","background-repeat":"repeat","background-position":"center center","background-size":"auto","background-attachment":"scroll","background-type":"","background-media":"","overlay-type":"","overlay-color":"","overlay-opacity":"","overlay-gradient":""},"tablet":{"background-color":"","background-image":"","background-repeat":"repeat","background-position":"center center","background-size":"auto","background-attachment":"scroll","background-type":"","background-media":"","overlay-type":"","overlay-color":"","overlay-opacity":"","overlay-gradient":""},"mobile":{"background-color":"","background-image":"","background-repeat":"repeat","background-position":"center center","background-size":"auto","background-attachment":"scroll","background-type":"","background-media":"","overlay-type":"","overlay-color":"","overlay-opacity":"","overlay-gradient":""}},"ast-content-background-meta":{"desktop":{"background-color":"var(--ast-global-color-5)","background-image":"","background-repeat":"repeat","background-position":"center center","background-size":"auto","background-attachment":"scroll","background-type":"","background-media":"","overlay-type":"","overlay-color":"","overlay-opacity":"","overlay-gradient":""},"tablet":{"background-color":"var(--ast-global-color-5)","background-image":"","background-repeat":"repeat","background-position":"center center","background-size":"auto","background-attachment":"scroll","background-type":"","background-media":"","overlay-type":"","overlay-color":"","overlay-opacity":"","overlay-gradient":""},"mobile":{"background-color":"var(--ast-global-color-5)","background-image":"","background-repeat":"repeat","background-position":"center center","background-size":"auto","background-attachment":"scroll","background-type":"","background-media":"","overlay-type":"","overlay-color":"","overlay-opacity":"","overlay-gradient":""}},"footnotes":""},"class_list":["post-866","page","type-page","status-publish","hentry"],"_links":{"self":[{"href":"https:\/\/idipavidi.com\/en\/wp-json\/wp\/v2\/pages\/866","targetHints":{"allow":["GET"]}}],"collection":[{"href":"https:\/\/idipavidi.com\/en\/wp-json\/wp\/v2\/pages"}],"about":[{"href":"https:\/\/idipavidi.com\/en\/wp-json\/wp\/v2\/types\/page"}],"author":[{"embeddable":true,"href":"https:\/\/idipavidi.com\/en\/wp-json\/wp\/v2\/users\/1"}],"replies":[{"embeddable":true,"href":"https:\/\/idipavidi.com\/en\/wp-json\/wp\/v2\/comments?post=866"}],"version-history":[{"count":1,"href":"https:\/\/idipavidi.com\/en\/wp-json\/wp\/v2\/pages\/866\/revisions"}],"predecessor-version":[{"id":869,"href":"https:\/\/idipavidi.com\/en\/wp-json\/wp\/v2\/pages\/866\/revisions\/869"}],"wp:attachment":[{"href":"https:\/\/idipavidi.com\/en\/wp-json\/wp\/v2\/media?parent=866"}],"curies":[{"name":"wp","href":"https:\/\/api.w.org\/{rel}","templated":true}]}}